{"id":2700,"date":"2019-02-19T12:57:14","date_gmt":"2019-02-19T12:57:14","guid":{"rendered":"https:\/\/www.revisamed.com.br\/blog\/?page_id=2700"},"modified":"2022-03-22T16:25:46","modified_gmt":"2022-03-22T19:25:46","slug":"demografia-medica-2018","status":"publish","type":"page","link":"https:\/\/medprovas.com.br\/blog\/demografia-medica-2018\/","title":{"rendered":"Demografia M\u00e9dica 2018"},"content":{"rendered":"\n<h1 class=\"wp-block-heading\" id=\"h-conhe-a-o-estudo-sobre-o-perfil-do-m-dico-brasileiro\">Conhe\u00e7a o estudo sobre o Perfil do M\u00e9dico Brasileiro<\/h1>\n\n\n\n<p style=\"   margin: 12px auto 6px auto;   font-family: Helvetica,Arial,Sans-serif;   font-style: normal;   font-variant: normal;   font-weight: normal;   font-size: 14px;   line-height: normal;   font-size-adjust: none;   font-stretch: normal;   -x-system-font: none;   display: block;\"><a title=\"View Demografia M\u00e9dica 2018 on Scribd\" href=\"https:\/\/www.scribd.com\/document\/376554090\/DEMOGRAFIA-MEDICA#from_embed\" style=\"text-decoration: underline;\">Demografia M\u00e9dica 2018<\/a> by <a title=\"View 's profile on Scribd\" href=\"undefined#from_embed\" style=\"text-decoration: underline;\"><\/a> on Scribd<\/p><iframe loading=\"lazy\" class=\"scribd_iframe_embed\" title=\"Demografia M\u00e9dica 2018\" src=\"https:\/\/www.scribd.com\/embeds\/399983181\/content?start_page=1&amp;view_mode=scroll&amp;show_recommendations=true&amp;access_key=key-tEruTPAcMNxVKWQwb9vk\" data-auto-height=\"true\" data-aspect-ratio=\"null\" scrolling=\"no\" width=\"100%\" height=\"600\" frameborder=\"0\"><\/iframe>\n","protected":false},"excerpt":{"rendered":"<p>Conhe\u00e7a o estudo sobre o Perfil do M\u00e9dico Brasileiro Demografia M\u00e9dica 2018 by on Scribd<\/p>\n","protected":false},"author":3,"featured_media":0,"parent":0,"menu_order":0,"comment_status":"closed","ping_status":"closed","template":"","meta":{"_acf_changed":false,"footnotes":""},"class_list":["post-2700","page","type-page","status-publish","hentry"],"acf":[],"yoast_head":"<!-- This site is optimized with the Yoast SEO Premium plugin v25.5 (Yoast SEO v25.5) - https:\/\/yoast.com\/wordpress\/plugins\/seo\/ -->\n<title>Demografia M\u00e9dica 2018 - MedProvas<\/title>\n<meta name=\"description\" content=\"A Demografia e Perfil do M\u00e9dico Brasileiro em 2018 mostra que n\u00famero de m\u00e9dicos aumenta mas, problemas de distribui\u00e7\u00e3o e assist\u00eancia persistem.\" \/>\n<meta name=\"robots\" content=\"index, follow, max-snippet:-1, max-image-preview:large, max-video-preview:-1\" \/>\n<link rel=\"canonical\" href=\"https:\/\/medprovas.com.br\/blog\/demografia-medica-2018\/\" \/>\n<meta property=\"og:locale\" content=\"pt_BR\" \/>\n<meta property=\"og:type\" content=\"article\" \/>\n<meta property=\"og:title\" content=\"Demografia M\u00e9dica 2018\" \/>\n<meta property=\"og:description\" content=\"A Demografia e Perfil do M\u00e9dico Brasileiro em 2018 mostra que n\u00famero de m\u00e9dicos aumenta mas, problemas de distribui\u00e7\u00e3o e assist\u00eancia persistem.\" \/>\n<meta property=\"og:url\" content=\"https:\/\/medprovas.com.br\/blog\/demografia-medica-2018\/\" \/>\n<meta property=\"og:site_name\" content=\"MedProvas\" \/>\n<meta property=\"article:publisher\" content=\"https:\/\/www.facebook.com\/revisamedRM\" \/>\n<meta property=\"article:modified_time\" content=\"2022-03-22T19:25:46+00:00\" \/>\n<meta name=\"twitter:card\" content=\"summary_large_image\" \/>\n<meta name=\"twitter:site\" content=\"@RevisamedRM\" \/>\n<script type=\"application\/ld+json\" class=\"yoast-schema-graph\">{\"@context\":\"https:\/\/schema.org\",\"@graph\":[{\"@type\":\"WebPage\",\"@id\":\"https:\/\/medprovas.com.br\/blog\/demografia-medica-2018\/\",\"url\":\"https:\/\/medprovas.com.br\/blog\/demografia-medica-2018\/\",\"name\":\"Demografia M\u00e9dica 2018 - MedProvas\",\"isPartOf\":{\"@id\":\"https:\/\/medprovas.com.br\/blog\/#website\"},\"datePublished\":\"2019-02-19T12:57:14+00:00\",\"dateModified\":\"2022-03-22T19:25:46+00:00\",\"description\":\"A Demografia e Perfil do M\u00e9dico Brasileiro em 2018 mostra que n\u00famero de m\u00e9dicos aumenta mas, problemas de distribui\u00e7\u00e3o e assist\u00eancia persistem.\",\"breadcrumb\":{\"@id\":\"https:\/\/medprovas.com.br\/blog\/demografia-medica-2018\/#breadcrumb\"},\"inLanguage\":\"pt-BR\",\"potentialAction\":[{\"@type\":\"ReadAction\",\"target\":[\"https:\/\/medprovas.com.br\/blog\/demografia-medica-2018\/\"]}]},{\"@type\":\"BreadcrumbList\",\"@id\":\"https:\/\/medprovas.com.br\/blog\/demografia-medica-2018\/#breadcrumb\",\"itemListElement\":[{\"@type\":\"ListItem\",\"position\":1,\"name\":\"In\u00edcio\",\"item\":\"https:\/\/medprovas.com.br\/blog\/\"},{\"@type\":\"ListItem\",\"position\":2,\"name\":\"Demografia M\u00e9dica 2018\"}]},{\"@type\":\"WebSite\",\"@id\":\"https:\/\/medprovas.com.br\/blog\/#website\",\"url\":\"https:\/\/medprovas.com.br\/blog\/\",\"name\":\"MedProvas\",\"description\":\"O caminho mais f\u00e1cil para a sua Resid\u00eancia M\u00e9dica\",\"publisher\":{\"@id\":\"https:\/\/medprovas.com.br\/blog\/#organization\"},\"potentialAction\":[{\"@type\":\"SearchAction\",\"target\":{\"@type\":\"EntryPoint\",\"urlTemplate\":\"https:\/\/medprovas.com.br\/blog\/?s={search_term_string}\"},\"query-input\":{\"@type\":\"PropertyValueSpecification\",\"valueRequired\":true,\"valueName\":\"search_term_string\"}}],\"inLanguage\":\"pt-BR\"},{\"@type\":\"Organization\",\"@id\":\"https:\/\/medprovas.com.br\/blog\/#organization\",\"name\":\"MedProvas\",\"url\":\"https:\/\/medprovas.com.br\/blog\/\",\"logo\":{\"@type\":\"ImageObject\",\"inLanguage\":\"pt-BR\",\"@id\":\"https:\/\/medprovas.com.br\/blog\/#\/schema\/logo\/image\/\",\"url\":\"https:\/\/medprovas.com.br\/blog\/wp-content\/uploads\/2025\/01\/WhatsApp-Image-2024-12-09-at-16.01.57-1.jpeg\",\"contentUrl\":\"https:\/\/medprovas.com.br\/blog\/wp-content\/uploads\/2025\/01\/WhatsApp-Image-2024-12-09-at-16.01.57-1.jpeg\",\"width\":1600,\"height\":348,\"caption\":\"MedProvas\"},\"image\":{\"@id\":\"https:\/\/medprovas.com.br\/blog\/#\/schema\/logo\/image\/\"},\"sameAs\":[\"https:\/\/www.facebook.com\/revisamedRM\",\"https:\/\/x.com\/RevisamedRM\",\"https:\/\/www.instagram.com\/medprovas_revisamed?igsh=dnk0M2N4YnB5Z2Jo\",\"https:\/\/www.linkedin.com\/company\/revisamedrm\/mycompany\/\",\"https:\/\/m.youtube.com\/@medprovas\"]}]}<\/script>\n<!-- \/ Yoast SEO Premium plugin. -->","yoast_head_json":{"title":"Demografia M\u00e9dica 2018 - MedProvas","description":"A Demografia e Perfil do M\u00e9dico Brasileiro em 2018 mostra que n\u00famero de m\u00e9dicos aumenta mas, problemas de distribui\u00e7\u00e3o e assist\u00eancia persistem.","robots":{"index":"index","follow":"follow","max-snippet":"max-snippet:-1","max-image-preview":"max-image-preview:large","max-video-preview":"max-video-preview:-1"},"canonical":"https:\/\/medprovas.com.br\/blog\/demografia-medica-2018\/","og_locale":"pt_BR","og_type":"article","og_title":"Demografia M\u00e9dica 2018","og_description":"A Demografia e Perfil do M\u00e9dico Brasileiro em 2018 mostra que n\u00famero de m\u00e9dicos aumenta mas, problemas de distribui\u00e7\u00e3o e assist\u00eancia persistem.","og_url":"https:\/\/medprovas.com.br\/blog\/demografia-medica-2018\/","og_site_name":"MedProvas","article_publisher":"https:\/\/www.facebook.com\/revisamedRM","article_modified_time":"2022-03-22T19:25:46+00:00","twitter_card":"summary_large_image","twitter_site":"@RevisamedRM","schema":{"@context":"https:\/\/schema.org","@graph":[{"@type":"WebPage","@id":"https:\/\/medprovas.com.br\/blog\/demografia-medica-2018\/","url":"https:\/\/medprovas.com.br\/blog\/demografia-medica-2018\/","name":"Demografia M\u00e9dica 2018 - MedProvas","isPartOf":{"@id":"https:\/\/medprovas.com.br\/blog\/#website"},"datePublished":"2019-02-19T12:57:14+00:00","dateModified":"2022-03-22T19:25:46+00:00","description":"A Demografia e Perfil do M\u00e9dico Brasileiro em 2018 mostra que n\u00famero de m\u00e9dicos aumenta mas, problemas de distribui\u00e7\u00e3o e assist\u00eancia persistem.","breadcrumb":{"@id":"https:\/\/medprovas.com.br\/blog\/demografia-medica-2018\/#breadcrumb"},"inLanguage":"pt-BR","potentialAction":[{"@type":"ReadAction","target":["https:\/\/medprovas.com.br\/blog\/demografia-medica-2018\/"]}]},{"@type":"BreadcrumbList","@id":"https:\/\/medprovas.com.br\/blog\/demografia-medica-2018\/#breadcrumb","itemListElement":[{"@type":"ListItem","position":1,"name":"In\u00edcio","item":"https:\/\/medprovas.com.br\/blog\/"},{"@type":"ListItem","position":2,"name":"Demografia M\u00e9dica 2018"}]},{"@type":"WebSite","@id":"https:\/\/medprovas.com.br\/blog\/#website","url":"https:\/\/medprovas.com.br\/blog\/","name":"MedProvas","description":"O caminho mais f\u00e1cil para a sua Resid\u00eancia M\u00e9dica","publisher":{"@id":"https:\/\/medprovas.com.br\/blog\/#organization"},"potentialAction":[{"@type":"SearchAction","target":{"@type":"EntryPoint","urlTemplate":"https:\/\/medprovas.com.br\/blog\/?s={search_term_string}"},"query-input":{"@type":"PropertyValueSpecification","valueRequired":true,"valueName":"search_term_string"}}],"inLanguage":"pt-BR"},{"@type":"Organization","@id":"https:\/\/medprovas.com.br\/blog\/#organization","name":"MedProvas","url":"https:\/\/medprovas.com.br\/blog\/","logo":{"@type":"ImageObject","inLanguage":"pt-BR","@id":"https:\/\/medprovas.com.br\/blog\/#\/schema\/logo\/image\/","url":"https:\/\/medprovas.com.br\/blog\/wp-content\/uploads\/2025\/01\/WhatsApp-Image-2024-12-09-at-16.01.57-1.jpeg","contentUrl":"https:\/\/medprovas.com.br\/blog\/wp-content\/uploads\/2025\/01\/WhatsApp-Image-2024-12-09-at-16.01.57-1.jpeg","width":1600,"height":348,"caption":"MedProvas"},"image":{"@id":"https:\/\/medprovas.com.br\/blog\/#\/schema\/logo\/image\/"},"sameAs":["https:\/\/www.facebook.com\/revisamedRM","https:\/\/x.com\/RevisamedRM","https:\/\/www.instagram.com\/medprovas_revisamed?igsh=dnk0M2N4YnB5Z2Jo","https:\/\/www.linkedin.com\/company\/revisamedrm\/mycompany\/","https:\/\/m.youtube.com\/@medprovas"]}]}},"_links":{"self":[{"href":"https:\/\/medprovas.com.br\/blog\/wp-json\/wp\/v2\/pages\/2700","targetHints":{"allow":["GET"]}}],"collection":[{"href":"https:\/\/medprovas.com.br\/blog\/wp-json\/wp\/v2\/pages"}],"about":[{"href":"https:\/\/medprovas.com.br\/blog\/wp-json\/wp\/v2\/types\/page"}],"author":[{"embeddable":true,"href":"https:\/\/medprovas.com.br\/blog\/wp-json\/wp\/v2\/users\/3"}],"replies":[{"embeddable":true,"href":"https:\/\/medprovas.com.br\/blog\/wp-json\/wp\/v2\/comments?post=2700"}],"version-history":[{"count":2,"href":"https:\/\/medprovas.com.br\/blog\/wp-json\/wp\/v2\/pages\/2700\/revisions"}],"predecessor-version":[{"id":9494,"href":"https:\/\/medprovas.com.br\/blog\/wp-json\/wp\/v2\/pages\/2700\/revisions\/9494"}],"wp:attachment":[{"href":"https:\/\/medprovas.com.br\/blog\/wp-json\/wp\/v2\/media?parent=2700"}],"curies":[{"name":"wp","href":"https:\/\/api.w.org\/{rel}","templated":true}]}}